{"id":8466,"date":"2019-09-05T11:41:45","date_gmt":"2019-09-05T09:41:45","guid":{"rendered":"https:\/\/martinlevelling.it\/?page_id=8466"},"modified":"2026-03-09T18:28:01","modified_gmt":"2026-03-09T17:28:01","slug":"franciacorta-e-dintorni","status":"publish","type":"page","link":"https:\/\/martinlevelling.it\/it\/franciacorta-e-dintorni\/","title":{"rendered":"Franciacorta e dintorni"},"content":{"rendered":"[vc_row type=&#8221;full_width_background&#8221; full_screen_row_position=&#8221;middle&#8221; column_margin=&#8221;default&#8221; column_direction=&#8221;default&#8221; column_direction_tablet=&#8221;default&#8221; column_direction_phone=&#8221;default&#8221; scene_position=&#8221;center&#8221; top_padding=&#8221;50&#8243; text_color=&#8221;dark&#8221; text_align=&#8221;left&#8221; row_border_radius=&#8221;none&#8221; row_border_radius_applies=&#8221;bg&#8221; row_position_desktop=&#8221;default&#8221; row_position_tablet=&#8221;inherit&#8221; row_position_phone=&#8221;inherit&#8221; overflow=&#8221;visible&#8221; overlay_strength=&#8221;0.3&#8243; gradient_direction=&#8221;left_to_right&#8221; shape_divider_position=&#8221;bottom&#8221; bg_image_animation=&#8221;none&#8221; shape_type=&#8221;&#8221;][vc_column column_padding=&#8221;no-extra-padding&#8221; column_padding_tablet=&#8221;inherit&#8221; column_padding_phone=&#8221;inherit&#8221; column_padding_position=&#8221;all&#8221; flex_gap_desktop=&#8221;10px&#8221; column_element_direction_desktop=&#8221;default&#8221; column_element_spacing=&#8221;default&#8221; desktop_text_alignment=&#8221;default&#8221; tablet_text_alignment=&#8221;default&#8221; phone_text_alignment=&#8221;default&#8221; background_color_opacity=&#8221;1&#8243; background_hover_color_opacity=&#8221;1&#8243; column_backdrop_filter=&#8221;none&#8221; column_shadow=&#8221;none&#8221; column_border_radius=&#8221;none&#8221; column_link_target=&#8221;_self&#8221; column_position=&#8221;default&#8221; gradient_direction=&#8221;left_to_right&#8221; overlay_strength=&#8221;0.3&#8243; width=&#8221;1\/4&#8243; tablet_width_inherit=&#8221;default&#8221; animation_type=&#8221;default&#8221; bg_image_animation=&#8221;none&#8221; border_type=&#8221;simple&#8221; column_border_width=&#8221;none&#8221; column_border_style=&#8221;solid&#8221;][\/vc_column][vc_column column_padding=&#8221;no-extra-padding&#8221; column_padding_tablet=&#8221;inherit&#8221; column_padding_phone=&#8221;inherit&#8221; column_padding_position=&#8221;all&#8221; flex_gap_desktop=&#8221;10px&#8221; column_element_direction_desktop=&#8221;default&#8221; column_element_spacing=&#8221;default&#8221; desktop_text_alignment=&#8221;default&#8221; tablet_text_alignment=&#8221;default&#8221; phone_text_alignment=&#8221;default&#8221; background_color_opacity=&#8221;1&#8243; background_hover_color_opacity=&#8221;1&#8243; column_backdrop_filter=&#8221;none&#8221; column_shadow=&#8221;none&#8221; column_border_radius=&#8221;none&#8221; column_link_target=&#8221;_self&#8221; column_position=&#8221;default&#8221; gradient_direction=&#8221;left_to_right&#8221; overlay_strength=&#8221;0.3&#8243; width=&#8221;1\/2&#8243; tablet_width_inherit=&#8221;default&#8221; animation_type=&#8221;default&#8221; bg_image_animation=&#8221;none&#8221; border_type=&#8221;simple&#8221; column_border_width=&#8221;none&#8221; column_border_style=&#8221;solid&#8221;][divider line_type=&#8221;No Line&#8221; custom_height=&#8221;10&#8243;][image_with_animation image_url=&#8221;8468&#8243; image_size=&#8221;full&#8221; max_width=&#8221;100%&#8221; max_width_mobile=&#8221;default&#8221; animation_type=&#8221;entrance&#8221; animation=&#8221;Fade In&#8221; animation_easing=&#8221;default&#8221; animation_movement_type=&#8221;transform_y&#8221; hover_animation=&#8221;none&#8221; alignment=&#8221;&#8221; img_link_large=&#8221;yes&#8221; border_radius=&#8221;none&#8221; box_shadow=&#8221;none&#8221; image_loading=&#8221;default&#8221;][\/vc_column][vc_column column_padding=&#8221;no-extra-padding&#8221; column_padding_tablet=&#8221;inherit&#8221; column_padding_phone=&#8221;inherit&#8221; column_padding_position=&#8221;all&#8221; flex_gap_desktop=&#8221;10px&#8221; column_element_direction_desktop=&#8221;default&#8221; column_element_spacing=&#8221;default&#8221; desktop_text_alignment=&#8221;default&#8221; tablet_text_alignment=&#8221;default&#8221; phone_text_alignment=&#8221;default&#8221; background_color_opacity=&#8221;1&#8243; background_hover_color_opacity=&#8221;1&#8243; column_backdrop_filter=&#8221;none&#8221; column_shadow=&#8221;none&#8221; column_border_radius=&#8221;none&#8221; column_link_target=&#8221;_self&#8221; column_position=&#8221;default&#8221; gradient_direction=&#8221;left_to_right&#8221; overlay_strength=&#8221;0.3&#8243; width=&#8221;1\/4&#8243; tablet_width_inherit=&#8221;default&#8221; animation_type=&#8221;default&#8221; bg_image_animation=&#8221;none&#8221; border_type=&#8221;simple&#8221; column_border_width=&#8221;none&#8221; column_border_style=&#8221;solid&#8221;][\/vc_column][\/vc_row][vc_row type=&#8221;in_container&#8221; full_screen_row_position=&#8221;middle&#8221; column_margin=&#8221;default&#8221; column_direction=&#8221;default&#8221; column_direction_tablet=&#8221;default&#8221; column_direction_phone=&#8221;default&#8221; scene_position=&#8221;center&#8221; top_padding=&#8221;50&#8243; text_color=&#8221;dark&#8221; text_align=&#8221;left&#8221; row_border_radius=&#8221;none&#8221; row_border_radius_applies=&#8221;bg&#8221; row_position_desktop=&#8221;default&#8221; row_position_tablet=&#8221;inherit&#8221; row_position_phone=&#8221;inherit&#8221; overflow=&#8221;visible&#8221; overlay_strength=&#8221;0.3&#8243; gradient_direction=&#8221;left_to_right&#8221; shape_divider_position=&#8221;bottom&#8221; bg_image_animation=&#8221;none&#8221; shape_type=&#8221;&#8221;][vc_column column_padding=&#8221;no-extra-padding&#8221; column_padding_tablet=&#8221;inherit&#8221; column_padding_phone=&#8221;inherit&#8221; column_padding_position=&#8221;all&#8221; flex_gap_desktop=&#8221;10px&#8221; column_element_direction_desktop=&#8221;default&#8221; column_element_spacing=&#8221;default&#8221; desktop_text_alignment=&#8221;default&#8221; tablet_text_alignment=&#8221;default&#8221; phone_text_alignment=&#8221;default&#8221; background_color_opacity=&#8221;1&#8243; background_hover_color_opacity=&#8221;1&#8243; column_backdrop_filter=&#8221;none&#8221; column_shadow=&#8221;none&#8221; column_border_radius=&#8221;none&#8221; column_link_target=&#8221;_self&#8221; column_position=&#8221;default&#8221; gradient_direction=&#8221;left_to_right&#8221; overlay_strength=&#8221;0.3&#8243; width=&#8221;1\/1&#8243; tablet_width_inherit=&#8221;default&#8221; animation_type=&#8221;default&#8221; bg_image_animation=&#8221;none&#8221; border_type=&#8221;simple&#8221; column_border_width=&#8221;none&#8221; column_border_style=&#8221;solid&#8221;][vc_column_text]<strong>Martin<\/strong> si trova nel cuore di un territorio conosciuto non solo per la produttivit\u00e0 e la tradizione industriale, ma per le numerose attrattive che lo compongono e che da sempre ne caratterizzano la peculiarit\u00e0: la <strong>Franciacorta<\/strong>, regione verdeggiante nell\u2019Ovest della provincia bresciana, tra i fiumi Mella ed Oglio, caratterizzata da rigogliose colline che nascono dalla Pianura Padana, rompendone la monotonia, e si sviluppano fino a lambire il Lago d\u2019Iseo.[\/vc_column_text][divider line_type=&#8221;No Line&#8221; custom_height=&#8221;10&#8243;][vc_column_text]La <strong>Franciacorta<\/strong> \u00e8 ricca di richiami per qualsiasi tipo di interesse, sia culturale, che enogastronomico o naturalistico: popolare soprattutto come terra di noti vini, offre una vasta scelta di percorsi che intrecciano viticoltura e scoperta del paesaggio, snodandosi lungo la via del vino fra siti cluniacensi, palazzi, ville storiche, castelli e musei, svelando il proprio grande patrimonio storico e artistico.[\/vc_column_text][\/vc_column][\/vc_row][vc_row type=&#8221;in_container&#8221; full_screen_row_position=&#8221;middle&#8221; column_margin=&#8221;default&#8221; column_direction=&#8221;default&#8221; column_direction_tablet=&#8221;default&#8221; column_direction_phone=&#8221;default&#8221; scene_position=&#8221;center&#8221; text_color=&#8221;dark&#8221; text_align=&#8221;left&#8221; row_border_radius=&#8221;none&#8221; row_border_radius_applies=&#8221;bg&#8221; row_position_desktop=&#8221;default&#8221; row_position_tablet=&#8221;inherit&#8221; row_position_phone=&#8221;inherit&#8221; overflow=&#8221;visible&#8221; overlay_strength=&#8221;0.3&#8243; gradient_direction=&#8221;left_to_right&#8221; shape_divider_position=&#8221;bottom&#8221; bg_image_animation=&#8221;none&#8221; shape_type=&#8221;&#8221;][vc_column column_padding=&#8221;no-extra-padding&#8221; column_padding_tablet=&#8221;inherit&#8221; column_padding_phone=&#8221;inherit&#8221; column_padding_position=&#8221;all&#8221; flex_gap_desktop=&#8221;10px&#8221; column_element_direction_desktop=&#8221;default&#8221; column_element_spacing=&#8221;default&#8221; desktop_text_alignment=&#8221;default&#8221; tablet_text_alignment=&#8221;default&#8221; phone_text_alignment=&#8221;default&#8221; background_color_opacity=&#8221;1&#8243; background_hover_color_opacity=&#8221;1&#8243; column_backdrop_filter=&#8221;none&#8221; column_shadow=&#8221;none&#8221; column_border_radius=&#8221;none&#8221; column_link_target=&#8221;_self&#8221; column_position=&#8221;default&#8221; gradient_direction=&#8221;left_to_right&#8221; overlay_strength=&#8221;0.3&#8243; width=&#8221;1\/1&#8243; tablet_width_inherit=&#8221;default&#8221; animation_type=&#8221;default&#8221; bg_image_animation=&#8221;none&#8221; border_type=&#8221;simple&#8221; column_border_width=&#8221;none&#8221; column_border_style=&#8221;solid&#8221;][vc_column_text css=&#8221;&#8221; text_direction=&#8221;default&#8221;]<strong>Info:<\/strong><\/p>\n<p>\u00bb <a title=\"Monastero di San Pietro in Lamosa\" href=\"https:\/\/monasterosanpietroinlamosa.it\/\">San Pietro In Lamosa<\/a> \u00b7 <strong>Monastero di San Pietro in Lamosa:<\/strong> monastero medievale a Provaglio d\u2019Iseo<br \/>\n\u00bb <a title=\"Abbazia Olivetana di San Nicola\" href=\"https:\/\/www.abbaziarodengo.it\/\">Abbazia di San Nicola<\/a> \u00b7 <strong>Abbazia Olivetana di San Nicola:<\/strong> sito cluniacense a Rodengo Saiano<br \/>\n\u00bb <a title=\"Enoturismo in Franciacorta\" href=\"https:\/\/franciacorta.wine\/\">Franciacorta.wine<\/a> \u00b7 <strong>Enoturismo in Franciacorta:<\/strong> scopri il territorio[\/vc_column_text][divider line_type=&#8221;No Line&#8221; custom_height=&#8221;50&#8243;][vc_gallery type=&#8221;image_grid&#8221; images=&#8221;8472,8531,8533,8535&#8243; image_grid_loading=&#8221;default&#8221; layout=&#8221;4&#8243; item_spacing=&#8221;default&#8221; gallery_style=&#8221;7&#8243; load_in_animation=&#8221;none&#8221; img_size=&#8221;350&#8243;][\/vc_column][\/vc_row][vc_row type=&#8221;full_width_background&#8221; full_screen_row_position=&#8221;middle&#8221; column_margin=&#8221;default&#8221; column_direction=&#8221;default&#8221; column_direction_tablet=&#8221;default&#8221; column_direction_phone=&#8221;default&#8221; bg_color=&#8221;#ffffff&#8221; scene_position=&#8221;center&#8221; text_color=&#8221;dark&#8221; text_align=&#8221;left&#8221; row_border_radius=&#8221;none&#8221; row_border_radius_applies=&#8221;bg&#8221; row_position_desktop=&#8221;default&#8221; row_position_tablet=&#8221;inherit&#8221; row_position_phone=&#8221;inherit&#8221; overflow=&#8221;visible&#8221; overlay_strength=&#8221;0.3&#8243; gradient_direction=&#8221;left_to_right&#8221; shape_divider_position=&#8221;bottom&#8221; bg_image_animation=&#8221;none&#8221; shape_type=&#8221;&#8221;][vc_column column_padding=&#8221;no-extra-padding&#8221; column_padding_tablet=&#8221;inherit&#8221; column_padding_phone=&#8221;inherit&#8221; column_padding_position=&#8221;all&#8221; flex_gap_desktop=&#8221;10px&#8221; column_element_direction_desktop=&#8221;default&#8221; column_element_spacing=&#8221;default&#8221; desktop_text_alignment=&#8221;default&#8221; tablet_text_alignment=&#8221;default&#8221; phone_text_alignment=&#8221;default&#8221; background_color_opacity=&#8221;1&#8243; background_hover_color_opacity=&#8221;1&#8243; column_backdrop_filter=&#8221;none&#8221; column_shadow=&#8221;none&#8221; column_border_radius=&#8221;none&#8221; column_link_target=&#8221;_self&#8221; column_position=&#8221;default&#8221; gradient_direction=&#8221;left_to_right&#8221; overlay_strength=&#8221;0.3&#8243; width=&#8221;1\/1&#8243; tablet_width_inherit=&#8221;default&#8221; animation_type=&#8221;default&#8221; bg_image_animation=&#8221;none&#8221; border_type=&#8221;simple&#8221; column_border_width=&#8221;none&#8221; column_border_style=&#8221;solid&#8221;][divider line_type=&#8221;No Line&#8221; custom_height=&#8221;50&#8243;][vc_text_separator title=&#8221;Escursioni e Sport&#8221; color=&#8221;custom&#8221; accent_color=&#8221;#aaaaaa&#8221;][vc_column_text css=&#8221;&#8221; text_direction=&#8221;default&#8221;]Distensive passeggiate, veloci gite in bicicletta o tragitti pi\u00f9 avventurosi: \u00e8 possibile visitare la Franciacorta, secondo le modalit\u00e0 preferite, attraverso i numerosi itinerari offerti, che si snodano fra le distese di vigneti sia su strada e piste ciclabili, che su sentieri pi\u00f9 liberi nella natura.<\/p>\n<p>Il cicloturismo trova percorsi adatti a qualsiasi et\u00e0, preparazione o esperienza atletica, anche per chi non fosse attrezzato: le biciclette, infatti, sono spesso offerte dagli hotel in zona ai propri ospiti, mentre \u00e8 possibile noleggiare city bike o mountain bike a Iseo, corredate da cartina dei tragitti proposti.<\/p>\n<p>Incantevoli itinerari sono offerti anche per gite, trekking e nordic walking, in rilassanti camminate nel verde o tratti pi\u00f9 impegnativi su dislivelli, come quelli presenti nei tragitti delle cascate a Monticelli Brusati: il cammino si sviluppa in due diversi livelli, per inesperti e per i pi\u00f9 pratici, lungo il torrente in Val Gaina, attraverso l\u2019ambiente scavato dal corso d\u2019acqua.[\/vc_column_text][divider line_type=&#8221;No Line&#8221; custom_height=&#8221;50&#8243;][vc_gallery type=&#8221;image_grid&#8221; images=&#8221;8495,8497,8499,8501&#8243; image_grid_loading=&#8221;default&#8221; layout=&#8221;4&#8243; item_spacing=&#8221;default&#8221; gallery_style=&#8221;7&#8243; load_in_animation=&#8221;none&#8221; img_size=&#8221;350&#8243;][divider line_type=&#8221;No Line&#8221; custom_height=&#8221;30&#8243;][vc_column_text css=&#8221;&#8221; text_direction=&#8221;default&#8221;]L\u2019esplorazione del territorio franciacortino \u00e8 possibile anche attraverso dolci escursioni a cavallo, grazie ai numerosi maneggi presenti nell\u2019area, mentre gli amanti delle attivit\u00e0 acquatiche troveranno sul lago numerose possibilit\u00e0 di windsurf, vela e kiteboard.<\/p>\n<p>Le proposte sportive arrivano poi dal <a title=\"Franciacorta Golf Club\" href=\"https:\/\/www.franciacortagolfclub.it\/\">Franciacorta Golf Club<\/a>, circolo aperto tutto l\u2019anno i cui percorsi offrono splendidi panorami collinari fra i vigneti, e dal <a title=\"Franciacorta International Circuit\" href=\"https:\/\/www.autodromodifranciacorta.com\/\">Franciacorta International Circuit<\/a>, autodromo ricco di eventi nazionali ed internazionali, con possibilit\u00e0 di prove libere, sia automobilistiche che motociclistiche, lezioni di guida sportiva e un kartodromo indoor con kart elettrici e a scoppio.<\/p>\n<p><strong>Info:<\/strong><\/p>\n<p>\u00bb <a title=\"Percorsi ciclo turistici in Franciacorta\" href=\"https:\/\/franciacorta.wine\/it\/territorio\/escursioni\/\">Escursioni<\/a> \u00b7 <strong>Percorsi ciclo turistici:<\/strong> itinerari enogastronomici proposti dalla Strada del Vino di Franciacorta<br \/>\n\u00bb <a title=\"La Strada del Franciacorta a piedi, da Brescia a Iseo. \" href=\"https:\/\/www.viaggiatoriweb.it\/2012\/il-trekking-del-franciacorta\/\">ViaggiatoriWeb.it<\/a> \u00b7 <strong>Trekking del Franciacorta:<\/strong> la Strada del Franciacorta a piedi, da Brescia a Iseo[\/vc_column_text][divider line_type=&#8221;No Line&#8221; custom_height=&#8221;50&#8243;][vc_gallery type=&#8221;image_grid&#8221; images=&#8221;8504,8506,8508,8510&#8243; image_grid_loading=&#8221;default&#8221; layout=&#8221;4&#8243; item_spacing=&#8221;default&#8221; gallery_style=&#8221;7&#8243; load_in_animation=&#8221;none&#8221; img_size=&#8221;350&#8243;][\/vc_column][\/vc_row][vc_row type=&#8221;full_width_background&#8221; full_screen_row_position=&#8221;middle&#8221; column_margin=&#8221;default&#8221; column_direction=&#8221;default&#8221; column_direction_tablet=&#8221;default&#8221; column_direction_phone=&#8221;default&#8221; bg_color=&#8221;#ffffff&#8221; scene_position=&#8221;center&#8221; text_color=&#8221;dark&#8221; text_align=&#8221;left&#8221; row_border_radius=&#8221;none&#8221; row_border_radius_applies=&#8221;bg&#8221; row_position_desktop=&#8221;default&#8221; row_position_tablet=&#8221;inherit&#8221; row_position_phone=&#8221;inherit&#8221; overflow=&#8221;visible&#8221; overlay_strength=&#8221;0.3&#8243; gradient_direction=&#8221;left_to_right&#8221; shape_divider_position=&#8221;bottom&#8221; bg_image_animation=&#8221;none&#8221; shape_type=&#8221;&#8221;][vc_column column_padding=&#8221;no-extra-padding&#8221; column_padding_tablet=&#8221;inherit&#8221; column_padding_phone=&#8221;inherit&#8221; column_padding_position=&#8221;all&#8221; flex_gap_desktop=&#8221;10px&#8221; column_element_direction_desktop=&#8221;default&#8221; column_element_spacing=&#8221;default&#8221; desktop_text_alignment=&#8221;default&#8221; tablet_text_alignment=&#8221;default&#8221; phone_text_alignment=&#8221;default&#8221; background_color_opacity=&#8221;1&#8243; background_hover_color_opacity=&#8221;1&#8243; column_backdrop_filter=&#8221;none&#8221; column_shadow=&#8221;none&#8221; column_border_radius=&#8221;none&#8221; column_link_target=&#8221;_self&#8221; column_position=&#8221;default&#8221; gradient_direction=&#8221;left_to_right&#8221; overlay_strength=&#8221;0.3&#8243; width=&#8221;1\/1&#8243; tablet_width_inherit=&#8221;default&#8221; animation_type=&#8221;default&#8221; bg_image_animation=&#8221;none&#8221; border_type=&#8221;simple&#8221; column_border_width=&#8221;none&#8221; column_border_style=&#8221;solid&#8221;][divider line_type=&#8221;No Line&#8221; custom_height=&#8221;50&#8243;][vc_text_separator title=&#8221;Eventi&#8221; color=&#8221;custom&#8221; accent_color=&#8221;#aaaaaa&#8221;][vc_column_text css=&#8221;&#8221; text_direction=&#8221;default&#8221;]Franciacorta in Fiore, manifestazione botanica nazionale, mentre gli appuntamenti collaterali alle attivit\u00e0 delle cantine e alle stagioni del vino, offrono un calendario ricco di proposte, fra sagre, degustazioni, festival del territorio, cantine aperte e visite guidate.<\/p>\n<p><strong>Info:<\/strong><\/p>\n<p>\u00bb <a title=\"Franciacorta in fiore\" href=\"https:\/\/www.franciacortainfiore.it\/\">FranciacortaInFiore.it<\/a> \u00b7 <strong>Franciacorta in Fiore:<\/strong> manifestazione fieristica annuale<br \/>\n\u00bb <a title=\"Franciacorta in Bianco\" href=\"https:\/\/www.franciacortainbianco.it\/\">FranciacortaInBianco.it<\/a> \u00b7 <strong>Franciacorta in Bianco:<\/strong> rassegna specialistica di prodotti lattiero caseari<br \/>\n\u00bb <a title=\"Mappa delle Cantine\" href=\"https:\/\/franciacorta.wine\/it\/cantine\/\">Franciacorta.wine<\/a> \u00b7 <strong>Cantine di Franciacorta:<\/strong> Mappa delle Cantine[\/vc_column_text][divider line_type=&#8221;No Line&#8221; custom_height=&#8221;50&#8243;][vc_gallery type=&#8221;image_grid&#8221; images=&#8221;8512,8540,8516,8538&#8243; image_grid_loading=&#8221;default&#8221; layout=&#8221;4&#8243; item_spacing=&#8221;default&#8221; gallery_style=&#8221;7&#8243; load_in_animation=&#8221;none&#8221; img_size=&#8221;350&#8243;][\/vc_column][\/vc_row][vc_row type=&#8221;full_width_background&#8221; full_screen_row_position=&#8221;middle&#8221; column_margin=&#8221;default&#8221; column_direction=&#8221;default&#8221; column_direction_tablet=&#8221;default&#8221; column_direction_phone=&#8221;default&#8221; bg_color=&#8221;#ffffff&#8221; scene_position=&#8221;center&#8221; text_color=&#8221;dark&#8221; text_align=&#8221;left&#8221; row_border_radius=&#8221;none&#8221; row_border_radius_applies=&#8221;bg&#8221; row_position_desktop=&#8221;default&#8221; row_position_tablet=&#8221;inherit&#8221; row_position_phone=&#8221;inherit&#8221; overflow=&#8221;visible&#8221; overlay_strength=&#8221;0.3&#8243; gradient_direction=&#8221;left_to_right&#8221; shape_divider_position=&#8221;bottom&#8221; bg_image_animation=&#8221;none&#8221; shape_type=&#8221;&#8221;][vc_column column_padding=&#8221;no-extra-padding&#8221; column_padding_tablet=&#8221;inherit&#8221; column_padding_phone=&#8221;inherit&#8221; column_padding_position=&#8221;all&#8221; flex_gap_desktop=&#8221;10px&#8221; column_element_direction_desktop=&#8221;default&#8221; column_element_spacing=&#8221;default&#8221; desktop_text_alignment=&#8221;default&#8221; tablet_text_alignment=&#8221;default&#8221; phone_text_alignment=&#8221;default&#8221; background_color_opacity=&#8221;1&#8243; background_hover_color_opacity=&#8221;1&#8243; column_backdrop_filter=&#8221;none&#8221; column_shadow=&#8221;none&#8221; column_border_radius=&#8221;none&#8221; column_link_target=&#8221;_self&#8221; column_position=&#8221;default&#8221; gradient_direction=&#8221;left_to_right&#8221; overlay_strength=&#8221;0.3&#8243; width=&#8221;1\/1&#8243; tablet_width_inherit=&#8221;default&#8221; animation_type=&#8221;default&#8221; bg_image_animation=&#8221;none&#8221; border_type=&#8221;simple&#8221; column_border_width=&#8221;none&#8221; column_border_style=&#8221;solid&#8221;][divider line_type=&#8221;No Line&#8221; custom_height=&#8221;50&#8243;][vc_text_separator title=&#8221;Soggiornare&#8221; color=&#8221;custom&#8221; accent_color=&#8221;#aaaaaa&#8221;][vc_column_text css=&#8221;&#8221; text_direction=&#8221;default&#8221;]Per il vostro soggiorno in Franciacorta Martin consiglia:<\/p>\n<h3>Locanda al Dossello<\/h3>\n<p>Fra Provaglio d\u2019Iseo e Passirano, in localit\u00e0 Dossello, la Locanda si trova immersa nel verde dei vigneti di Franciacorta in un panorama unico, prestandosi a soggiorni rilassanti e rappresentando punto ideale di partenza per la scoperta di tutto il territorio circostante e delle sue attrattive.<\/p>\n<p>\u00bb <a title=\"Locanda al Dossello, Franciacorta\" href=\"https:\/\/www.aldossello.com\/\">alDossello.com<\/a> \u00b7 <strong>Locanda al Dossello in Franciacorta:<\/strong> Via per Monterotondo, 24 \u2013 25050 Provaglio d\u2019Iseo (BS)[\/vc_column_text][divider line_type=&#8221;No Line&#8221; custom_height=&#8221;50&#8243;][vc_gallery type=&#8221;image_grid&#8221; images=&#8221;8522,8524,8520,8526&#8243; image_grid_loading=&#8221;default&#8221; layout=&#8221;4&#8243; item_spacing=&#8221;default&#8221; gallery_style=&#8221;7&#8243; load_in_animation=&#8221;none&#8221; img_size=&#8221;350&#8243;][divider line_type=&#8221;No Line&#8221; custom_height=&#8221;70&#8243;][\/vc_column][\/vc_row]\n","protected":false},"excerpt":{"rendered":"<p>[vc_row type=&#8221;full_width_background&#8221; full_screen_row_position=&#8221;middle&#8221; column_margin=&#8221;default&#8221; column_direction=&#8221;default&#8221; column_direction_tablet=&#8221;default&#8221; column_direction_phone=&#8221;default&#8221; scene_position=&#8221;center&#8221; top_padding=&#8221;50&#8243; text_color=&#8221;dark&#8221; text_align=&#8221;left&#8221; row_border_radius=&#8221;none&#8221; row_border_radius_applies=&#8221;bg&#8221; row_position_desktop=&#8221;default&#8221; row_position_tablet=&#8221;inherit&#8221; row_position_phone=&#8221;inherit&#8221; overflow=&#8221;visible&#8221; overlay_strength=&#8221;0.3&#8243; gradient_direction=&#8221;left_to_right&#8221; shape_divider_position=&#8221;bottom&#8221;&#8230;<\/p>\n","protected":false},"author":1,"featured_media":0,"parent":0,"menu_order":0,"comment_status":"closed","ping_status":"closed","template":"","meta":{"footnotes":""},"class_list":["post-8466","page","type-page","status-publish"],"_links":{"self":[{"href":"https:\/\/martinlevelling.it\/it\/wp-json\/wp\/v2\/pages\/8466","targetHints":{"allow":["GET"]}}],"collection":[{"href":"https:\/\/martinlevelling.it\/it\/wp-json\/wp\/v2\/pages"}],"about":[{"href":"https:\/\/martinlevelling.it\/it\/wp-json\/wp\/v2\/types\/page"}],"author":[{"embeddable":true,"href":"https:\/\/martinlevelling.it\/it\/wp-json\/wp\/v2\/users\/1"}],"replies":[{"embeddable":true,"href":"https:\/\/martinlevelling.it\/it\/wp-json\/wp\/v2\/comments?post=8466"}],"version-history":[{"count":32,"href":"https:\/\/martinlevelling.it\/it\/wp-json\/wp\/v2\/pages\/8466\/revisions"}],"predecessor-version":[{"id":20954,"href":"https:\/\/martinlevelling.it\/it\/wp-json\/wp\/v2\/pages\/8466\/revisions\/20954"}],"wp:attachment":[{"href":"https:\/\/martinlevelling.it\/it\/wp-json\/wp\/v2\/media?parent=8466"}],"curies":[{"name":"wp","href":"https:\/\/api.w.org\/{rel}","templated":true}]}}